{"id":1070,"date":"2021-04-12T05:26:47","date_gmt":"2021-04-12T05:26:47","guid":{"rendered":"http:\/\/efraintorres.org\/?page_id=1070"},"modified":"2021-09-01T14:38:30","modified_gmt":"2021-09-01T14:38:30","slug":"books","status":"publish","type":"page","link":"https:\/\/efraintorres.org\/?page_id=1070","title":{"rendered":"Books"},"content":{"rendered":"\n<div class=\"wp-block-cover alignfull has-background-dim\" style=\"background-color:#1b1f29;min-height:380px;aspect-ratio:unset;\"><div class=\"wp-block-cover__inner-container is-layout-flow wp-block-cover-is-layout-flow\">\n<h1 class=\"has-text-align-center has-white-color has-text-color wp-block-heading\">Libros<\/h1>\n\n\n\n<p class=\"has-text-align-center has-text-color\" style=\"color:#9599a5\">Una colecci\u00f3n de libros que amplia el conocimiento de la palabra de Dios, dirigido al liderazgo de la iglesia presente<\/p>\n<\/div><\/div>\n\n\n\n<div class=\"wp-block-group alignwide\"><div class=\"wp-block-group__inner-container is-layout-flow wp-block-group-is-layout-flow\">\n<div class=\"wp-block-media-text alignwide is-stacked-on-mobile\" style=\"grid-template-columns:48% auto\"><figure class=\"wp-block-media-text__media\"><img loading=\"lazy\" decoding=\"async\" width=\"663\" height=\"1024\" src=\"http:\/\/efraintorres.org\/wp-content\/uploads\/2021\/08\/portada-663x1024.jpg\" alt=\"\" class=\"wp-image-1212 size-full\" srcset=\"https:\/\/efraintorres.org\/wp-content\/uploads\/2021\/08\/portada-663x1024.jpg 663w, https:\/\/efraintorres.org\/wp-content\/uploads\/2021\/08\/portada-194x300.jpg 194w, https:\/\/efraintorres.org\/wp-content\/uploads\/2021\/08\/portada-768x1187.jpg 768w, https:\/\/efraintorres.org\/wp-content\/uploads\/2021\/08\/portada-994x1536.jpg 994w, https:\/\/efraintorres.org\/wp-content\/uploads\/2021\/08\/portada-1325x2048.jpg 1325w, https:\/\/efraintorres.org\/wp-content\/uploads\/2021\/08\/portada.jpg 1650w\" sizes=\"auto, (max-width: 663px) 100vw, 663px\" \/><\/figure><div class=\"wp-block-media-text__content\">\n<div class=\"wp-block-group\"><div class=\"wp-block-group__inner-container is-layout-flow wp-block-group-is-layout-flow\">\n<h6 class=\"has-text-color wp-block-heading\" style=\"color:#9599a5\">Ultima Publicaci\u00f3n<\/h6>\n\n\n\n<h2 class=\"wp-block-heading\"><em>Retrospecci\u00f3n y Prospecci\u00f3n de la iglesia presente<\/em><\/h2>\n\n\n\n<p>Efra\u00edn Torres Agosto es un pastor de la generaci\u00f3n X (1965-1980) qu\u00e9 sociol\u00f3gicamente interpreta a la actual generaci\u00f3n (Alfa 2019-2025) dentro de un contexto sociocultural y lit\u00fargico. El clima de su exposici\u00f3n nos confronta con una eclesiolog\u00eda pr\u00e1ctica y popular, que trata de responder a los retos de nuestro siglo. Este libro responde a la interrogante de: \u00bfC\u00f3mo pastorear a un reba\u00f1o de vanguardia dentro de los principios espirituales en una \u00e9poca posmoderna y digitalizada sin perder lo esencial?<br><strong>Dr. Edgar Nazario<\/strong><\/p>\n\n\n\n<p>El autor de este libro comparte su perspectiva desde el enfoque del liderazgo ministerial en la iglesia de hoy, que enfrenta la colisi\u00f3n de pr\u00e1cticas doctrinales y dogm\u00e1ticas. El Reverendo Torres examina en su narrativa como esta pugna por definir el evangelio original, arquetipo y esencia de nuestra gran comisi\u00f3n<br><strong>Prof. Jos\u00e9 Graciano<\/strong><\/p>\n\n\n\n<p>Admiro el trabajo literario y de gran an\u00e1lisis realizado por el Rev. Efra\u00edn Torres, sobre la situaci\u00f3n y reacci\u00f3n del liderato y pueblo de Dios. Es un an\u00e1lisis que nos confronta ante una realidad que estamos viviendo, y que muchas veces no queremos aceptar por muchas razones.<br><strong>Prof. Elisabeth Robles<\/strong><\/p>\n\n\n\n<p>Ante la complejidad y diversidad del entorno que nos rodea, el autor Efra\u00edn Torres nos hace ver la realidad de las influencias que est\u00e1n afectando la iglesia. Nos se\u00f1ala la importancia de mantenerse alerta y con la capacidad de enfrentar esos retos y cambios. En forma asertiva nos hace claro el rol de la Iglesia, cito \u201cLa iglesia fue formada como un ej\u00e9rcito activo para hacerle frente al enemigo\u201d. Enfatiza la necesidad de una renovaci\u00f3n mental del acuerdo al pensamiento de Dios por causa de los tiempos que vivimos. Su motivaci\u00f3n es proveer alternativas a la iglesia para que el prop\u00f3sito de Dios de una trasformaci\u00f3n generacional que motive a alcanzar una intimidad profunda con Dios. Un escrito actual para generaciones que emergen.<br><strong>Obispo William Hern\u00e1ndez<\/strong><\/p>\n\n\n\n<div class=\"wp-block-buttons is-layout-flex wp-block-buttons-is-layout-flex\">\n<div class=\"wp-block-button\"><a class=\"wp-block-button__link\">Get the Book Now<\/a><\/div>\n<\/div>\n<\/div><\/div>\n<\/div><\/div>\n<\/div><\/div>\n\n\n\n<div class=\"wp-block-group alignfull has-background\" style=\"background-color:#f8f9fc\"><div class=\"wp-block-group__inner-container is-layout-flow wp-block-group-is-layout-flow\">\n<h2 class=\"has-text-align-center wp-block-heading\"><em>Publicaciones de Efra\u00edn<\/em><\/h2>\n\n\n\n<div class=\"wp-block-columns alignwide is-layout-flex wp-container-core-columns-is-layout-9d6595d7 wp-block-columns-is-layout-flex\">\n<div class=\"wp-block-column is-layout-flow wp-block-column-is-layout-flow\">\n<div class=\"wp-block-image\"><figure class=\"aligncenter size-large\"><img loading=\"lazy\" decoding=\"async\" width=\"683\" height=\"1024\" src=\"http:\/\/efraintorres.org\/wp-content\/uploads\/2021\/09\/portada-683x1024.jpg\" alt=\"\" class=\"wp-image-1221\" srcset=\"https:\/\/efraintorres.org\/wp-content\/uploads\/2021\/09\/portada-683x1024.jpg 683w, https:\/\/efraintorres.org\/wp-content\/uploads\/2021\/09\/portada-200x300.jpg 200w, https:\/\/efraintorres.org\/wp-content\/uploads\/2021\/09\/portada-768x1152.jpg 768w, https:\/\/efraintorres.org\/wp-content\/uploads\/2021\/09\/portada-1024x1536.jpg 1024w, https:\/\/efraintorres.org\/wp-content\/uploads\/2021\/09\/portada-1365x2048.jpg 1365w, https:\/\/efraintorres.org\/wp-content\/uploads\/2021\/09\/portada-scaled.jpg 1707w\" sizes=\"auto, (max-width: 683px) 100vw, 683px\" \/><\/figure><\/div>\n\n\n\n<h4 class=\"has-text-align-center wp-block-heading\">El Ojo de un Pastor<\/h4>\n\n\n\n<div class=\"wp-block-buttons is-content-justification-center is-layout-flex wp-block-buttons-is-layout-flex\">\n<div class=\"wp-block-button is-style-outline is-style-outline--1\"><a class=\"wp-block-button__link\">Get The Book Now<\/a><\/div>\n<\/div>\n<\/div>\n\n\n\n<div class=\"wp-block-column is-layout-flow wp-block-column-is-layout-flow\">\n<div class=\"wp-block-image\"><figure class=\"aligncenter size-large\"><img loading=\"lazy\" decoding=\"async\" width=\"674\" height=\"1024\" src=\"http:\/\/efraintorres.org\/wp-content\/uploads\/2021\/08\/book-cover-front-1-674x1024.jpg\" alt=\"\" class=\"wp-image-1214\" srcset=\"https:\/\/efraintorres.org\/wp-content\/uploads\/2021\/08\/book-cover-front-1-674x1024.jpg 674w, https:\/\/efraintorres.org\/wp-content\/uploads\/2021\/08\/book-cover-front-1-198x300.jpg 198w, https:\/\/efraintorres.org\/wp-content\/uploads\/2021\/08\/book-cover-front-1-768x1166.jpg 768w, https:\/\/efraintorres.org\/wp-content\/uploads\/2021\/08\/book-cover-front-1-1012x1536.jpg 1012w, https:\/\/efraintorres.org\/wp-content\/uploads\/2021\/08\/book-cover-front-1-1349x2048.jpg 1349w, https:\/\/efraintorres.org\/wp-content\/uploads\/2021\/08\/book-cover-front-1-scaled.jpg 1686w\" sizes=\"auto, (max-width: 674px) 100vw, 674px\" \/><\/figure><\/div>\n\n\n\n<h4 class=\"has-text-align-center wp-block-heading\">La Santidad no se viste<\/h4>\n\n\n\n<div class=\"wp-block-buttons is-content-justification-center is-layout-flex wp-block-buttons-is-layout-flex\">\n<div class=\"wp-block-button is-style-outline is-style-outline--2\"><a class=\"wp-block-button__link\">Get The Book Now<\/a><\/div>\n<\/div>\n<\/div>\n\n\n\n<div class=\"wp-block-column is-layout-flow wp-block-column-is-layout-flow\">\n<div class=\"wp-block-image\"><figure class=\"aligncenter size-large\"><img loading=\"lazy\" decoding=\"async\" width=\"663\" height=\"1024\" src=\"http:\/\/efraintorres.org\/wp-content\/uploads\/2021\/08\/portada-663x1024.jpg\" alt=\"\" class=\"wp-image-1212\" srcset=\"https:\/\/efraintorres.org\/wp-content\/uploads\/2021\/08\/portada-663x1024.jpg 663w, https:\/\/efraintorres.org\/wp-content\/uploads\/2021\/08\/portada-194x300.jpg 194w, https:\/\/efraintorres.org\/wp-content\/uploads\/2021\/08\/portada-768x1187.jpg 768w, https:\/\/efraintorres.org\/wp-content\/uploads\/2021\/08\/portada-994x1536.jpg 994w, https:\/\/efraintorres.org\/wp-content\/uploads\/2021\/08\/portada-1325x2048.jpg 1325w, https:\/\/efraintorres.org\/wp-content\/uploads\/2021\/08\/portada.jpg 1650w\" sizes=\"auto, (max-width: 663px) 100vw, 663px\" \/><\/figure><\/div>\n\n\n\n<h4 class=\"has-text-align-center wp-block-heading\">Retrospecci\u00f3n y Prospecci\u00f3n de la iglesia presente<\/h4>\n\n\n\n<div class=\"wp-block-buttons is-content-justification-center is-layout-flex wp-block-buttons-is-layout-flex\">\n<div class=\"wp-block-button is-style-outline is-style-outline--3\"><a class=\"wp-block-button__link\">Get The Book Now<\/a><\/div>\n<\/div>\n<\/div>\n<\/div>\n<\/div><\/div>\n\n\n\n<div class=\"wp-block-group alignwide\"><div class=\"wp-block-group__inner-container is-layout-flow wp-block-group-is-layout-flow\">\n<div class=\"wp-block-image\"><figure class=\"aligncenter size-large is-resized\"><img loading=\"lazy\" decoding=\"async\" src=\"http:\/\/efraintorres.org\/wp-content\/uploads\/2021\/04\/quotes.png\" alt=\"\" class=\"wp-image-1181\" width=\"30\" height=\"30\"\/><\/figure><\/div>\n\n\n\n<h2 class=\"has-text-align-center wp-block-heading\"><em>El conocimiento de la Palabra de Dios es la libertad para una sociedad herrada a un mundo confuso.<\/em><\/h2>\n\n\n\n<hr class=\"wp-block-separator aligncenter has-text-color has-background\" style=\"background-color:#2925f4;color:#2925f4\"\/>\n\n\n\n<h5 class=\"has-text-align-center wp-block-heading\">Efra\u00edn Torres<\/h5>\n<\/div><\/div>\n\n\n\n<p><\/p>\n","protected":false},"excerpt":{"rendered":"<p>Ultima Publicaci\u00f3n Retrospecci\u00f3n y Prospecci\u00f3n de la iglesia presente Efra\u00edn Torres Agosto es un pastor de la generaci\u00f3n X (1965-1980) qu\u00e9 sociol\u00f3gicamente interpreta a la actual generaci\u00f3n (Alfa 2019-2025) dentro de un contexto sociocultural y lit\u00fargico. El clima de su exposici\u00f3n nos confronta con una eclesiolog\u00eda pr\u00e1ctica y popular, que trata de responder a los &hellip;<\/p>\n<p class=\"read-more\"> <a class=\"\" href=\"https:\/\/efraintorres.org\/?page_id=1070\"> <span class=\"screen-reader-text\">Books<\/span> Read More &raquo;<\/a><\/p>\n","protected":false},"author":1,"featured_media":0,"parent":0,"menu_order":0,"comment_status":"closed","ping_status":"closed","template":"","meta":{"om_disable_all_campaigns":false,"_monsterinsights_skip_tracking":false,"_monsterinsights_sitenote_active":false,"_monsterinsights_sitenote_note":"","_monsterinsights_sitenote_category":0,"footnotes":""},"class_list":["post-1070","page","type-page","status-publish","hentry"],"_links":{"self":[{"href":"https:\/\/efraintorres.org\/index.php?rest_route=\/wp\/v2\/pages\/1070","targetHints":{"allow":["GET"]}}],"collection":[{"href":"https:\/\/efraintorres.org\/index.php?rest_route=\/wp\/v2\/pages"}],"about":[{"href":"https:\/\/efraintorres.org\/index.php?rest_route=\/wp\/v2\/types\/page"}],"author":[{"embeddable":true,"href":"https:\/\/efraintorres.org\/index.php?rest_route=\/wp\/v2\/users\/1"}],"replies":[{"embeddable":true,"href":"https:\/\/efraintorres.org\/index.php?rest_route=%2Fwp%2Fv2%2Fcomments&post=1070"}],"version-history":[{"count":3,"href":"https:\/\/efraintorres.org\/index.php?rest_route=\/wp\/v2\/pages\/1070\/revisions"}],"predecessor-version":[{"id":1237,"href":"https:\/\/efraintorres.org\/index.php?rest_route=\/wp\/v2\/pages\/1070\/revisions\/1237"}],"wp:attachment":[{"href":"https:\/\/efraintorres.org\/index.php?rest_route=%2Fwp%2Fv2%2Fmedia&parent=1070"}],"curies":[{"name":"wp","href":"https:\/\/api.w.org\/{rel}","templated":true}]}}