{"id":1068,"date":"2021-04-12T05:26:35","date_gmt":"2021-04-12T05:26:35","guid":{"rendered":"http:\/\/efraintorres.org\/?page_id=1068"},"modified":"2021-09-01T14:37:19","modified_gmt":"2021-09-01T14:37:19","slug":"about","status":"publish","type":"page","link":"https:\/\/efraintorres.org\/?page_id=1068","title":{"rendered":"About"},"content":{"rendered":"\n<div class=\"wp-block-cover alignfull has-background-dim\" style=\"background-color:#1b1f29;min-height:380px;aspect-ratio:unset;\"><div class=\"wp-block-cover__inner-container is-layout-flow wp-block-cover-is-layout-flow\">\n<h1 class=\"has-text-align-center has-white-color has-text-color wp-block-heading\">Acerca de mi<\/h1>\n\n\n\n<p class=\"has-text-align-center has-text-color\" style=\"color:#9599a5\">Trallectoria, Preparaci\u00f3n y Logros<\/p>\n<\/div><\/div>\n\n\n\n<div class=\"wp-block-group alignwide\"><div class=\"wp-block-group__inner-container is-layout-flow wp-block-group-is-layout-flow\">\n<div class=\"wp-block-media-text alignwide is-stacked-on-mobile is-vertically-aligned-center\"><figure class=\"wp-block-media-text__media\"><img loading=\"lazy\" decoding=\"async\" width=\"731\" height=\"1024\" src=\"http:\/\/efraintorres.org\/wp-content\/uploads\/2021\/08\/Untitled-1-731x1024.jpg\" alt=\"\" class=\"wp-image-1204 size-full\" srcset=\"https:\/\/efraintorres.org\/wp-content\/uploads\/2021\/08\/Untitled-1-731x1024.jpg 731w, https:\/\/efraintorres.org\/wp-content\/uploads\/2021\/08\/Untitled-1-214x300.jpg 214w, https:\/\/efraintorres.org\/wp-content\/uploads\/2021\/08\/Untitled-1-768x1075.jpg 768w, https:\/\/efraintorres.org\/wp-content\/uploads\/2021\/08\/Untitled-1-1097x1536.jpg 1097w, https:\/\/efraintorres.org\/wp-content\/uploads\/2021\/08\/Untitled-1-1463x2048.jpg 1463w, https:\/\/efraintorres.org\/wp-content\/uploads\/2021\/08\/Untitled-1.jpg 1500w\" sizes=\"auto, (max-width: 731px) 100vw, 731px\" \/><\/figure><div class=\"wp-block-media-text__content\">\n<div class=\"wp-block-group\"><div class=\"wp-block-group__inner-container is-layout-flow wp-block-group-is-layout-flow\">\n<h2 class=\"wp-block-heading\"><em>Acerca de Efra\u00edn<\/em><\/h2>\n\n\n\n<p><strong>Naci\u00f3 en la pintoresca ciudad de Humacao, PR en el a\u00f1o 1969, hijo de Ismael Torres y Ana C. Agosto.<\/strong><\/p>\n\n\n\n<p>El Rvdo. Torres ha transcurrido toda su vida al servicio de Dios, primeramente como hijo de pastor, luego como hijo de misioneros, viviendo la mayor parte de su ni\u00f1ez y parte de su adolesencia en la Republica Dominicana.<\/p>\n\n\n\n<p>Despues de los a\u00f1os dedicados a las misiones su vida contin\u00faa en el estado de California donde desarrolla su ministerio musical tanto te\u00f3rico como practico. Estudi\u00f3 en Valley College (Orchestration and Musical composition), The Grove School of music (Sound Technician), al igual que sin numeros de clases para entrenamiento vocal con una concentracion en piano.<\/p>\n\n\n\n<p>Otras preparaciones en diferentes ramas de estudios han sido en Impresi\u00f3n y Artista Grafico.<\/p>\n\n\n\n<p>Aunque su ministerio siempre estuvo en conjunto de sus padres por la mayor parte de su juventud, despues de 22 a\u00f1os de ministerio musical Dios lo llama al pastorado y es cuando a sus 35 a\u00f1os toma el reto en la ciudad de Arlington, TX.<\/p>\n\n\n\n<p>Aparte de su experiencia vivida en el ministerio, su preparaci\u00f3n teologica consta de un bachillerato en Ministerios Esclesiasticos, una certificaci\u00f3n en Artes Ministeriales de la Escuela Teologica Mizpa RCS, Certificaci\u00f3n en leyes para Non-Profit Organization del IRS<\/p>\n\n\n\n<p>Dios le ha permitido producir mas de 12 producciones musicales, 5 de ellas como solista y las otras como director del grupo musical Surisaddai. Autor de 3 libros: &#8220;El Ojo de un Pastor, La Santidad no se Viste y Retrospecci\u00f3n y Prospecci\u00f3n de la iglesia presente&#8221;.<\/p>\n\n\n\n<p>Es un educador del Colegio Telogico Logos y ha formado parte de la Escuela Teologica Mizpa como maestro. Es un Consultor Esclesiastico para iglesias que necesitan organizarse en diferentes areas como audio y video al igual en la retenci\u00f3n de asistentes y programaci\u00f3n. Es el CEO de CWCN, un network televisivo a traves de plataformas digitales, cubriendo al mundo entero. Es el Pastor General de la Iglesia de Dios Pentecostal, M.I. &#8220;Templo Logos&#8221; en la ciudad de Fort Worth, TX. Ha formado parte del Comit\u00e9 Ejecutivo del Concilio en la regi\u00f3n Centro Sur de EE.UU. como Secretario, Vice-presidente, Vocal y Director de Misiones.<\/p>\n\n\n\n<div class=\"wp-block-buttons is-layout-flex wp-block-buttons-is-layout-flex\"><\/div>\n<\/div><\/div>\n<\/div><\/div>\n<\/div><\/div>\n","protected":false},"excerpt":{"rendered":"<p>Acerca de Efra\u00edn Naci\u00f3 en la pintoresca ciudad de Humacao, PR en el a\u00f1o 1969, hijo de Ismael Torres y Ana C. Agosto. El Rvdo. Torres ha transcurrido toda su vida al servicio de Dios, primeramente como hijo de pastor, luego como hijo de misioneros, viviendo la mayor parte de su ni\u00f1ez y parte de &hellip;<\/p>\n<p class=\"read-more\"> <a class=\"\" href=\"https:\/\/efraintorres.org\/?page_id=1068\"> <span class=\"screen-reader-text\">About<\/span> Read More &raquo;<\/a><\/p>\n","protected":false},"author":1,"featured_media":0,"parent":0,"menu_order":0,"comment_status":"closed","ping_status":"closed","template":"","meta":{"om_disable_all_campaigns":false,"_monsterinsights_skip_tracking":false,"_monsterinsights_sitenote_active":false,"_monsterinsights_sitenote_note":"","_monsterinsights_sitenote_category":0,"footnotes":""},"class_list":["post-1068","page","type-page","status-publish","hentry"],"_links":{"self":[{"href":"https:\/\/efraintorres.org\/index.php?rest_route=\/wp\/v2\/pages\/1068","targetHints":{"allow":["GET"]}}],"collection":[{"href":"https:\/\/efraintorres.org\/index.php?rest_route=\/wp\/v2\/pages"}],"about":[{"href":"https:\/\/efraintorres.org\/index.php?rest_route=\/wp\/v2\/types\/page"}],"author":[{"embeddable":true,"href":"https:\/\/efraintorres.org\/index.php?rest_route=\/wp\/v2\/users\/1"}],"replies":[{"embeddable":true,"href":"https:\/\/efraintorres.org\/index.php?rest_route=%2Fwp%2Fv2%2Fcomments&post=1068"}],"version-history":[{"count":3,"href":"https:\/\/efraintorres.org\/index.php?rest_route=\/wp\/v2\/pages\/1068\/revisions"}],"predecessor-version":[{"id":1236,"href":"https:\/\/efraintorres.org\/index.php?rest_route=\/wp\/v2\/pages\/1068\/revisions\/1236"}],"wp:attachment":[{"href":"https:\/\/efraintorres.org\/index.php?rest_route=%2Fwp%2Fv2%2Fmedia&parent=1068"}],"curies":[{"name":"wp","href":"https:\/\/api.w.org\/{rel}","templated":true}]}}