{"id":1066,"date":"2021-04-12T05:26:23","date_gmt":"2021-04-12T05:26:23","guid":{"rendered":"http:\/\/efraintorres.org\/?page_id=1066"},"modified":"2021-09-01T13:14:09","modified_gmt":"2021-09-01T13:14:09","slug":"home","status":"publish","type":"page","link":"https:\/\/efraintorres.org\/","title":{"rendered":"Home"},"content":{"rendered":"\n<div class=\"wp-block-cover alignfull has-background-dim-80 has-background-dim has-custom-content-position is-position-bottom-left\" style=\"background-color:#1b1f29;min-height:860px;aspect-ratio:unset;\"><img loading=\"lazy\" decoding=\"async\" width=\"1366\" height=\"768\" class=\"wp-block-cover__image-background wp-image-1194\" alt=\"\" src=\"https:\/\/efraintorres.org\/wp-content\/uploads\/2021\/08\/home-background-1.jpg\" style=\"object-position:48% 48%\" data-object-fit=\"cover\" data-object-position=\"48% 48%\" srcset=\"https:\/\/efraintorres.org\/wp-content\/uploads\/2021\/08\/home-background-1.jpg 1366w, https:\/\/efraintorres.org\/wp-content\/uploads\/2021\/08\/home-background-1-300x169.jpg 300w, https:\/\/efraintorres.org\/wp-content\/uploads\/2021\/08\/home-background-1-1024x576.jpg 1024w, https:\/\/efraintorres.org\/wp-content\/uploads\/2021\/08\/home-background-1-768x432.jpg 768w\" sizes=\"auto, (max-width: 1366px) 100vw, 1366px\" \/><div class=\"wp-block-cover__inner-container is-layout-flow wp-block-cover-is-layout-flow\">\n<h1 class=\"has-cyan-bluish-gray-color has-text-color wp-block-heading\">Efra\u00edn Torres<\/h1>\n\n\n\n<h1 class=\"alignwide has-text-align-left has-white-color has-text-color has-large-font-size wp-block-heading\"><em>Pastor, Cantante, Escrit<\/em>or Maestro para esta generaci\u00f3n<\/h1>\n\n\n\n<div class=\"wp-block-buttons is-content-justification-center is-layout-flex wp-block-buttons-is-layout-flex\">\n<div class=\"wp-block-button is-style-fill\"><a class=\"wp-block-button__link has-text-color has-background\" style=\"background-color:#ffffff;color:#1b1f29\">invitaciones<\/a><\/div>\n<\/div>\n<\/div><\/div>\n\n\n\n<div class=\"wp-block-group alignwide\"><div class=\"wp-block-group__inner-container is-layout-flow wp-block-group-is-layout-flow\">\n<div class=\"wp-block-media-text alignwide is-stacked-on-mobile is-vertically-aligned-center\"><figure class=\"wp-block-media-text__media\"><img loading=\"lazy\" decoding=\"async\" width=\"731\" height=\"1024\" src=\"http:\/\/efraintorres.org\/wp-content\/uploads\/2021\/08\/Untitled-1-731x1024.jpg\" alt=\"\" class=\"wp-image-1204 size-full\" srcset=\"https:\/\/efraintorres.org\/wp-content\/uploads\/2021\/08\/Untitled-1-731x1024.jpg 731w, https:\/\/efraintorres.org\/wp-content\/uploads\/2021\/08\/Untitled-1-214x300.jpg 214w, https:\/\/efraintorres.org\/wp-content\/uploads\/2021\/08\/Untitled-1-768x1075.jpg 768w, https:\/\/efraintorres.org\/wp-content\/uploads\/2021\/08\/Untitled-1-1097x1536.jpg 1097w, https:\/\/efraintorres.org\/wp-content\/uploads\/2021\/08\/Untitled-1-1463x2048.jpg 1463w, https:\/\/efraintorres.org\/wp-content\/uploads\/2021\/08\/Untitled-1.jpg 1500w\" sizes=\"auto, (max-width: 731px) 100vw, 731px\" \/><\/figure><div class=\"wp-block-media-text__content\">\n<div class=\"wp-block-group\"><div class=\"wp-block-group__inner-container is-layout-flow wp-block-group-is-layout-flow\">\n<h2 class=\"wp-block-heading\"><em>Acerca de Efra\u00edn<\/em><\/h2>\n\n\n\n<div class=\"wp-block-buttons is-layout-flex wp-block-buttons-is-layout-flex\">\n<div class=\"wp-block-button is-style-fill\"><a class=\"wp-block-button__link\" href=\"https:\/\/efraintorres.org\/?page_id=1068\">Read Full Story<\/a><\/div>\n<\/div>\n<\/div><\/div>\n<\/div><\/div>\n<\/div><\/div>\n\n\n\n<div class=\"wp-block-group\"><div class=\"wp-block-group__inner-container is-layout-flow wp-block-group-is-layout-flow\">\n<h2 class=\"has-text-align-center wp-block-heading\">Video de Efra\u00edn<\/h2>\n<\/div><\/div>\n\n\n\n<figure class=\"wp-block-video alignwide\"><video controls src=\"blob:https:\/\/efraintorres.org\/18511474-69d7-480f-b220-824d45f1a895\"><\/video><figcaption>Video musical &#8220;Momentos&#8221;<\/figcaption><\/figure>\n\n\n\n<div class=\"wp-block-group alignfull has-background\" style=\"background-color:#f8f9fc\"><div class=\"wp-block-group__inner-container is-layout-flow wp-block-group-is-layout-flow\">\n<h2 class=\"has-text-align-center wp-block-heading\"><em>Libros de Efra\u00edn<\/em><\/h2>\n\n\n\n<div class=\"wp-block-columns alignwide is-layout-flex wp-container-core-columns-is-layout-9d6595d7 wp-block-columns-is-layout-flex\">\n<div class=\"wp-block-column is-layout-flow wp-block-column-is-layout-flow\">\n<figure class=\"wp-block-gallery alignfull columns-1 is-cropped wp-block-gallery-1 is-layout-flex wp-block-gallery-is-layout-flex\"><ul class=\"blocks-gallery-grid\"><li class=\"blocks-gallery-item\"><figure><img loading=\"lazy\" decoding=\"async\" width=\"674\" height=\"1024\" src=\"http:\/\/efraintorres.org\/wp-content\/uploads\/2021\/08\/book-cover-front-1-674x1024.jpg\" alt=\"\" data-id=\"1214\" data-full-url=\"http:\/\/efraintorres.org\/wp-content\/uploads\/2021\/08\/book-cover-front-1-scaled.jpg\" data-link=\"https:\/\/efraintorres.org\/?attachment_id=1214\" class=\"wp-image-1214\" srcset=\"https:\/\/efraintorres.org\/wp-content\/uploads\/2021\/08\/book-cover-front-1-674x1024.jpg 674w, https:\/\/efraintorres.org\/wp-content\/uploads\/2021\/08\/book-cover-front-1-198x300.jpg 198w, https:\/\/efraintorres.org\/wp-content\/uploads\/2021\/08\/book-cover-front-1-768x1166.jpg 768w, https:\/\/efraintorres.org\/wp-content\/uploads\/2021\/08\/book-cover-front-1-1012x1536.jpg 1012w, https:\/\/efraintorres.org\/wp-content\/uploads\/2021\/08\/book-cover-front-1-1349x2048.jpg 1349w, https:\/\/efraintorres.org\/wp-content\/uploads\/2021\/08\/book-cover-front-1-scaled.jpg 1686w\" sizes=\"auto, (max-width: 674px) 100vw, 674px\" \/><\/figure><\/li><\/ul><\/figure>\n\n\n\n<h4 class=\"has-text-align-center wp-block-heading\">La Santidad no se viste<\/h4>\n\n\n\n<p class=\"has-text-align-center\"><a href=\"#\">GET THE BOOK NOW<\/a><\/p>\n<\/div>\n\n\n\n<div class=\"wp-block-column is-layout-flow wp-block-column-is-layout-flow\">\n<div class=\"wp-block-image\"><figure class=\"aligncenter size-large is-resized\"><img loading=\"lazy\" decoding=\"async\" src=\"https:\/\/efraintorres.org\/wp-content\/uploads\/2021\/09\/portada-683x1024.jpg\" alt=\"\" class=\"wp-image-1221\" width=\"342\" height=\"502\"\/><\/figure><\/div>\n\n\n\n<h4 class=\"has-text-align-center wp-block-heading\">El Ojo de un Pastor<\/h4>\n\n\n\n<p class=\"has-text-align-center\"><a href=\"#\">GET THE BOOK NOW<\/a><\/p>\n<\/div>\n\n\n\n<div class=\"wp-block-column is-layout-flow wp-block-column-is-layout-flow\">\n<div class=\"wp-block-image\"><figure class=\"aligncenter size-large\"><img loading=\"lazy\" decoding=\"async\" width=\"663\" height=\"1024\" src=\"https:\/\/efraintorres.org\/wp-content\/uploads\/2021\/08\/portada-663x1024.jpg\" alt=\"\" class=\"wp-image-1212\" srcset=\"https:\/\/efraintorres.org\/wp-content\/uploads\/2021\/08\/portada-663x1024.jpg 663w, https:\/\/efraintorres.org\/wp-content\/uploads\/2021\/08\/portada-194x300.jpg 194w, https:\/\/efraintorres.org\/wp-content\/uploads\/2021\/08\/portada-768x1187.jpg 768w, https:\/\/efraintorres.org\/wp-content\/uploads\/2021\/08\/portada-994x1536.jpg 994w, https:\/\/efraintorres.org\/wp-content\/uploads\/2021\/08\/portada-1325x2048.jpg 1325w, https:\/\/efraintorres.org\/wp-content\/uploads\/2021\/08\/portada.jpg 1650w\" sizes=\"auto, (max-width: 663px) 100vw, 663px\" \/><\/figure><\/div>\n\n\n\n<h4 class=\"has-text-align-center wp-block-heading\">Retrospecci\u00f3n y Prospecci\u00f3n de la Iglesia presente<\/h4>\n\n\n\n<p class=\"has-text-align-center\"><a href=\"#\">GET THE BOOK NOW<\/a><\/p>\n<\/div>\n<\/div>\n\n\n\n<div class=\"wp-block-buttons is-content-justification-center is-layout-flex wp-block-buttons-is-layout-flex\">\n<div class=\"wp-block-button\"><a class=\"wp-block-button__link\" href=\"https:\/\/efraintorres.org\/?page_id=1068\">Find Out More<\/a><\/div>\n<\/div>\n<\/div><\/div>\n\n\n\n<div class=\"wp-block-group alignwide\"><div class=\"wp-block-group__inner-container is-layout-flow wp-block-group-is-layout-flow\">\n<div class=\"wp-block-columns alignwide is-layout-flex wp-container-core-columns-is-layout-9d6595d7 wp-block-columns-is-layout-flex\">\n<div class=\"wp-block-column is-layout-flow wp-block-column-is-layout-flow\">\n<h2 class=\"wp-block-heading\"><em>Efra\u00edn&#8217;s Blog<\/em><\/h2>\n<\/div>\n\n\n\n<div class=\"wp-block-column is-layout-flow wp-block-column-is-layout-flow\">\n<div class=\"wp-block-buttons is-content-justification-right is-layout-flex wp-block-buttons-is-layout-flex\">\n<div class=\"wp-block-button\"><a class=\"wp-block-button__link\">View All Posts<\/a><\/div>\n<\/div>\n<\/div>\n<\/div>\n\n\n\n<div class=\"wp-block-columns is-layout-flex wp-container-core-columns-is-layout-9d6595d7 wp-block-columns-is-layout-flex\">\n<div class=\"wp-block-column is-layout-flow wp-block-column-is-layout-flow\">\n<figure class=\"wp-block-image size-large\"><img loading=\"lazy\" decoding=\"async\" width=\"1024\" height=\"768\" src=\"http:\/\/efraintorres.org\/wp-content\/uploads\/2021\/08\/agenda-ipad-to-write-968603-1024x768.jpg\" alt=\"agenda, ipad, to write-968603.jpg\" class=\"wp-image-1217\" srcset=\"https:\/\/efraintorres.org\/wp-content\/uploads\/2021\/08\/agenda-ipad-to-write-968603-1024x768.jpg 1024w, https:\/\/efraintorres.org\/wp-content\/uploads\/2021\/08\/agenda-ipad-to-write-968603-300x225.jpg 300w, https:\/\/efraintorres.org\/wp-content\/uploads\/2021\/08\/agenda-ipad-to-write-968603-768x576.jpg 768w, https:\/\/efraintorres.org\/wp-content\/uploads\/2021\/08\/agenda-ipad-to-write-968603.jpg 1280w\" sizes=\"auto, (max-width: 1024px) 100vw, 1024px\" \/><\/figure>\n\n\n\n<p>Efrain Torres<\/p>\n\n\n\n<h4 class=\"wp-block-heading\">muy pronto<\/h4>\n\n\n\n<div class=\"wp-block-buttons is-layout-flex wp-block-buttons-is-layout-flex\">\n<div class=\"wp-block-button is-style-outline is-style-outline--2\"><a class=\"wp-block-button__link\">Read more<\/a><\/div>\n<\/div>\n<\/div>\n\n\n\n<div class=\"wp-block-column is-layout-flow wp-block-column-is-layout-flow\">\n<figure class=\"wp-block-image size-large\"><img loading=\"lazy\" decoding=\"async\" width=\"1024\" height=\"768\" src=\"http:\/\/efraintorres.org\/wp-content\/uploads\/2021\/08\/agenda-ipad-to-write-968603-1024x768.jpg\" alt=\"agenda, ipad, to write-968603.jpg\" class=\"wp-image-1217\" srcset=\"https:\/\/efraintorres.org\/wp-content\/uploads\/2021\/08\/agenda-ipad-to-write-968603-1024x768.jpg 1024w, https:\/\/efraintorres.org\/wp-content\/uploads\/2021\/08\/agenda-ipad-to-write-968603-300x225.jpg 300w, https:\/\/efraintorres.org\/wp-content\/uploads\/2021\/08\/agenda-ipad-to-write-968603-768x576.jpg 768w, https:\/\/efraintorres.org\/wp-content\/uploads\/2021\/08\/agenda-ipad-to-write-968603.jpg 1280w\" sizes=\"auto, (max-width: 1024px) 100vw, 1024px\" \/><\/figure>\n\n\n\n<p>Efrain Torres<\/p>\n\n\n\n<h4 class=\"wp-block-heading\">muy pronto<\/h4>\n\n\n\n<div class=\"wp-block-buttons is-layout-flex wp-block-buttons-is-layout-flex\">\n<div class=\"wp-block-button is-style-outline is-style-outline--3\"><a class=\"wp-block-button__link\">Read more<\/a><\/div>\n<\/div>\n<\/div>\n\n\n\n<div class=\"wp-block-column is-layout-flow wp-block-column-is-layout-flow\">\n<figure class=\"wp-block-image size-large\"><img loading=\"lazy\" decoding=\"async\" width=\"1024\" height=\"768\" src=\"http:\/\/efraintorres.org\/wp-content\/uploads\/2021\/08\/agenda-ipad-to-write-968603-1024x768.jpg\" alt=\"agenda, ipad, to write-968603.jpg\" class=\"wp-image-1217\" srcset=\"https:\/\/efraintorres.org\/wp-content\/uploads\/2021\/08\/agenda-ipad-to-write-968603-1024x768.jpg 1024w, https:\/\/efraintorres.org\/wp-content\/uploads\/2021\/08\/agenda-ipad-to-write-968603-300x225.jpg 300w, https:\/\/efraintorres.org\/wp-content\/uploads\/2021\/08\/agenda-ipad-to-write-968603-768x576.jpg 768w, https:\/\/efraintorres.org\/wp-content\/uploads\/2021\/08\/agenda-ipad-to-write-968603.jpg 1280w\" sizes=\"auto, (max-width: 1024px) 100vw, 1024px\" \/><\/figure>\n\n\n\n<p>Efrain Torres<\/p>\n\n\n\n<h4 class=\"wp-block-heading\">muy pronto<\/h4>\n\n\n\n<div class=\"wp-block-buttons is-layout-flex wp-block-buttons-is-layout-flex\">\n<div class=\"wp-block-button is-style-outline is-style-outline--4\"><a class=\"wp-block-button__link\">Read more<\/a><\/div>\n<\/div>\n<\/div>\n<\/div>\n<\/div><\/div>\n","protected":false},"excerpt":{"rendered":"<p>Acerca de Efra\u00edn Video de Efra\u00edn Libros de Efra\u00edn La Santidad no se viste GET THE BOOK NOW El Ojo de un Pastor GET THE BOOK NOW Retrospecci\u00f3n y Prospecci\u00f3n de la Iglesia presente GET THE BOOK NOW Efra\u00edn&#8217;s Blog Efrain Torres muy pronto Efrain Torres muy pronto Efrain Torres muy pronto<\/p>\n","protected":false},"author":1,"featured_media":1194,"parent":0,"menu_order":0,"comment_status":"closed","ping_status":"closed","template":"","meta":{"om_disable_all_campaigns":false,"_monsterinsights_skip_tracking":false,"_monsterinsights_sitenote_active":false,"_monsterinsights_sitenote_note":"","_monsterinsights_sitenote_category":0,"footnotes":""},"class_list":["post-1066","page","type-page","status-publish","has-post-thumbnail","hentry"],"_links":{"self":[{"href":"https:\/\/efraintorres.org\/index.php?rest_route=\/wp\/v2\/pages\/1066","targetHints":{"allow":["GET"]}}],"collection":[{"href":"https:\/\/efraintorres.org\/index.php?rest_route=\/wp\/v2\/pages"}],"about":[{"href":"https:\/\/efraintorres.org\/index.php?rest_route=\/wp\/v2\/types\/page"}],"author":[{"embeddable":true,"href":"https:\/\/efraintorres.org\/index.php?rest_route=\/wp\/v2\/users\/1"}],"replies":[{"embeddable":true,"href":"https:\/\/efraintorres.org\/index.php?rest_route=%2Fwp%2Fv2%2Fcomments&post=1066"}],"version-history":[{"count":10,"href":"https:\/\/efraintorres.org\/index.php?rest_route=\/wp\/v2\/pages\/1066\/revisions"}],"predecessor-version":[{"id":1240,"href":"https:\/\/efraintorres.org\/index.php?rest_route=\/wp\/v2\/pages\/1066\/revisions\/1240"}],"wp:featuredmedia":[{"embeddable":true,"href":"https:\/\/efraintorres.org\/index.php?rest_route=\/wp\/v2\/media\/1194"}],"wp:attachment":[{"href":"https:\/\/efraintorres.org\/index.php?rest_route=%2Fwp%2Fv2%2Fmedia&parent=1066"}],"curies":[{"name":"wp","href":"https:\/\/api.w.org\/{rel}","templated":true}]}}